{"id":28,"date":"2021-07-01T21:09:15","date_gmt":"2021-07-01T19:09:15","guid":{"rendered":"https:\/\/www.moncolova.sk\/?page_id=28"},"modified":"2021-07-01T21:09:16","modified_gmt":"2021-07-01T19:09:16","slug":"o-mne","status":"publish","type":"page","link":"https:\/\/www.moncolova.sk\/?page_id=28","title":{"rendered":"O mne"},"content":{"rendered":"\n<p>Mgr. Ivana Monco\u013eov\u00e1, PhD., \u0161tudovala Dejiny umenia a kult\u00fary na Trnavskej univerzite. Doktorandsk\u00e9 \u0161t\u00fadium zav\u0155\u0161ila v roku 2016 na Vysokej \u0161kole v\u00fdtvarn\u00fdch umen\u00ed v Bratislave na t\u00e9mu \u201epremeny umeleck\u00e9ho autorstva\u201c. Texty o umen\u00ed publikuje od roku 1998 v odborn\u00fdch ako aj v masov\u00fdch m\u00e9di\u00e1ch. Kur\u00e1torsky pripravila nieko\u013eko v\u00fdstav s\u00fa\u010dasn\u00fdch autorov. Medzi ostatn\u00e9 patria Jana Farmanov\u00e1 \u2013 V znamen\u00ed panny, Gal\u00e9ria mesta Bratislavy (2015), Ako \u010d\u00edta\u0165 temnotu | v\u00fdstava, ktor\u00e1 vrh\u00e1 tie\u0148 (R\u00f3na, Gerboc, V\u00e1chal) v Nitrianskej gal\u00e9rii (2016), Total Romantic \/ S\u00fa\u010dasn\u00e1 imagin\u00e1cia vo svete maliarok (Farmanov\u00e1, Holcov\u00e1, Krivo\u0161\u00edkov\u00e1, Machatov\u00e1, R\u00f3naiov\u00e1, \u0160ramatyov\u00e1) v Gal\u00e9rii J\u00e1na Koniarka (2018). Je editorkou nieko\u013ek\u00fdch monografick\u00fdch katal\u00f3gov s\u00fa\u010dasn\u00fdch umelcov. Prv\u00fa preh\u013eadov\u00fa monografiu Radovana \u010cerevku (2019) a 1. monografiu Silvie Krivo\u0161\u00edkovej (2019) vydala pod svojou vydavate\u013eskou zna\u010dkou Moncolova Editions. Venuje sa poradenstvu v invest\u00edci\u00e1ch do umenia pod zna\u010dkou Moncolova Artadvisor. V praxi sa venuje vlastn\u00fdm kur\u00e1torsk\u00fdm, v\u00fdstavn\u00fdm projektom.<\/p>\n","protected":false},"excerpt":{"rendered":"<p>Mgr. Ivana Monco\u013eov\u00e1, PhD., \u0161tudovala Dejiny umenia a kult\u00fary na Trnavskej univerzite. Doktorandsk\u00e9 \u0161t\u00fadium zav\u0155\u0161ila v roku 2016 na Vysokej \u0161kole v\u00fdtvarn\u00fdch umen\u00ed v Bratislave na t\u00e9mu \u201epremeny umeleck\u00e9ho autorstva\u201c. Texty o umen\u00ed publikuje od roku 1998 v odborn\u00fdch ako aj v masov\u00fdch m\u00e9di\u00e1ch. Kur\u00e1torsky pripravila nieko\u013eko v\u00fdstav s\u00fa\u010dasn\u00fdch autorov. Medzi ostatn\u00e9 patria Jana Farmanov\u00e1 &hellip; <\/p>\n<p class=\"link-more\"><a href=\"https:\/\/www.moncolova.sk\/?page_id=28\" class=\"more-link\">Pokra\u010dova\u0165 v \u010d\u00edtan\u00ed<span class=\"screen-reader-text\"> &#8222;O mne&#8220;<\/span><\/a><\/p>\n","protected":false},"author":1,"featured_media":0,"parent":0,"menu_order":0,"comment_status":"closed","ping_status":"closed","template":"","meta":[],"yoast_head":"<!-- This site is optimized with the Yoast SEO plugin v16.6.1 - https:\/\/yoast.com\/wordpress\/plugins\/seo\/ -->\n<title>O mne - Ivana Monco\u013eov\u00e1<\/title>\n<meta name=\"robots\" content=\"index, follow, max-snippet:-1, max-image-preview:large, max-video-preview:-1\" \/>\n<link rel=\"canonical\" href=\"https:\/\/www.moncolova.sk\/?page_id=28\" \/>\n<meta property=\"og:locale\" content=\"sk_SK\" \/>\n<meta property=\"og:type\" content=\"article\" \/>\n<meta property=\"og:title\" content=\"O mne - Ivana Monco\u013eov\u00e1\" \/>\n<meta property=\"og:description\" content=\"Mgr. Ivana Monco\u013eov\u00e1, PhD., \u0161tudovala Dejiny umenia a kult\u00fary na Trnavskej univerzite. Doktorandsk\u00e9 \u0161t\u00fadium zav\u0155\u0161ila v roku 2016 na Vysokej \u0161kole v\u00fdtvarn\u00fdch umen\u00ed v Bratislave na t\u00e9mu \u201epremeny umeleck\u00e9ho autorstva\u201c. Texty o umen\u00ed publikuje od roku 1998 v odborn\u00fdch ako aj v masov\u00fdch m\u00e9di\u00e1ch. Kur\u00e1torsky pripravila nieko\u013eko v\u00fdstav s\u00fa\u010dasn\u00fdch autorov. Medzi ostatn\u00e9 patria Jana Farmanov\u00e1 &hellip; Pokra\u010dova\u0165 v \u010d\u00edtan\u00ed &quot;O mne&quot;\" \/>\n<meta property=\"og:url\" content=\"https:\/\/www.moncolova.sk\/?page_id=28\" \/>\n<meta property=\"og:site_name\" content=\"Ivana Monco\u013eov\u00e1\" \/>\n<meta property=\"article:modified_time\" content=\"2021-07-01T19:09:16+00:00\" \/>\n<meta name=\"twitter:card\" content=\"summary_large_image\" \/>\n<meta name=\"twitter:label1\" content=\"Predpokladan\u00fd \u010das \u010d\u00edtania\" \/>\n\t<meta name=\"twitter:data1\" content=\"1 min\u00fata\" \/>\n<script type=\"application\/ld+json\" class=\"yoast-schema-graph\">{\"@context\":\"https:\/\/schema.org\",\"@graph\":[{\"@type\":\"WebSite\",\"@id\":\"https:\/\/www.moncolova.sk\/#website\",\"url\":\"https:\/\/www.moncolova.sk\/\",\"name\":\"Ivana Monco\\u013eov\\u00e1\",\"description\":\"Kur\\u00e1torka umenia | Curator of Art\",\"potentialAction\":[{\"@type\":\"SearchAction\",\"target\":{\"@type\":\"EntryPoint\",\"urlTemplate\":\"https:\/\/www.moncolova.sk\/?s={search_term_string}\"},\"query-input\":\"required name=search_term_string\"}],\"inLanguage\":\"sk-SK\"},{\"@type\":\"WebPage\",\"@id\":\"https:\/\/www.moncolova.sk\/?page_id=28#webpage\",\"url\":\"https:\/\/www.moncolova.sk\/?page_id=28\",\"name\":\"O mne - Ivana Monco\\u013eov\\u00e1\",\"isPartOf\":{\"@id\":\"https:\/\/www.moncolova.sk\/#website\"},\"datePublished\":\"2021-07-01T19:09:15+00:00\",\"dateModified\":\"2021-07-01T19:09:16+00:00\",\"breadcrumb\":{\"@id\":\"https:\/\/www.moncolova.sk\/?page_id=28#breadcrumb\"},\"inLanguage\":\"sk-SK\",\"potentialAction\":[{\"@type\":\"ReadAction\",\"target\":[\"https:\/\/www.moncolova.sk\/?page_id=28\"]}]},{\"@type\":\"BreadcrumbList\",\"@id\":\"https:\/\/www.moncolova.sk\/?page_id=28#breadcrumb\",\"itemListElement\":[{\"@type\":\"ListItem\",\"position\":1,\"name\":\"Home\",\"item\":\"https:\/\/www.moncolova.sk\/\"},{\"@type\":\"ListItem\",\"position\":2,\"name\":\"O mne\"}]}]}<\/script>\n<!-- \/ Yoast SEO plugin. -->","_links":{"self":[{"href":"https:\/\/www.moncolova.sk\/index.php?rest_route=\/wp\/v2\/pages\/28"}],"collection":[{"href":"https:\/\/www.moncolova.sk\/index.php?rest_route=\/wp\/v2\/pages"}],"about":[{"href":"https:\/\/www.moncolova.sk\/index.php?rest_route=\/wp\/v2\/types\/page"}],"author":[{"embeddable":true,"href":"https:\/\/www.moncolova.sk\/index.php?rest_route=\/wp\/v2\/users\/1"}],"replies":[{"embeddable":true,"href":"https:\/\/www.moncolova.sk\/index.php?rest_route=%2Fwp%2Fv2%2Fcomments&post=28"}],"version-history":[{"count":2,"href":"https:\/\/www.moncolova.sk\/index.php?rest_route=\/wp\/v2\/pages\/28\/revisions"}],"predecessor-version":[{"id":31,"href":"https:\/\/www.moncolova.sk\/index.php?rest_route=\/wp\/v2\/pages\/28\/revisions\/31"}],"wp:attachment":[{"href":"https:\/\/www.moncolova.sk\/index.php?rest_route=%2Fwp%2Fv2%2Fmedia&parent=28"}],"curies":[{"name":"wp","href":"https:\/\/api.w.org\/{rel}","templated":true}]}}